{"id":486,"date":"2025-09-29T22:37:41","date_gmt":"2025-09-29T20:37:41","guid":{"rendered":"https:\/\/schachklub-grosswallstadt.de\/?page_id=486"},"modified":"2026-05-04T12:43:19","modified_gmt":"2026-05-04T10:43:19","slug":"trainingsinhalte","status":"publish","type":"page","link":"https:\/\/schachklub-grosswallstadt.de\/index.php\/trainingsinhalte\/","title":{"rendered":"Trainingsinhalte"},"content":{"rendered":"<h2 class=\"western\">Trainingsinhalte<\/h2>\n<h3 class=\"western\">Sch\u00fclertraining<\/h3>\n<p>Die Schwerpunkte im Mai sind:<\/p>\n<ul>\n<li>Angriff ungedeckter Figuren<\/li>\n<li>Verschiedene Verteidigungsm\u00f6glichkeiten<\/li>\n<li>Spiel mit der Schachuhr<\/li>\n<li>R\u00e4tselwettbewerb<\/li>\n<li>Ranglistenturnier<\/li>\n<\/ul>\n<h3 class=\"western\">Fortgeschrittenen<\/h3>\n<table>\n<thead>\n<tr>\n<th style=\"spacing: 0; padding: 0\">Datum<\/th>\n<th style=\"spacing: 0; padding: 0\">Schwerpunkt<\/th>\n<th style=\"spacing: 0; padding: 0\">Details<\/th>\n<\/tr>\n<\/thead>\n<tbody>\n<tr>\n<td style=\"spacing: 0; padding: 0\">24.04.2026<\/td>\n<td style=\"spacing: 0; padding: 0\">Endspiele<\/td>\n<td style=\"spacing: 0; padding: 0\">Ungleichfarbige L\u00e4ufer<\/td>\n<\/tr>\n<tr>\n<td style=\"spacing: 0; padding: 0\">08.05.2026<\/td>\n<td style=\"spacing: 0; padding: 0\">Partieanalyse<\/td>\n<td style=\"spacing: 0; padding: 0\">Analyse der Spiele vom letzten Spieltag der Verbandsliga<\/td>\n<\/tr>\n<tr>\n<td style=\"spacing: 0; padding: 0\">15.05.2026<\/td>\n<td style=\"spacing: 0; padding: 0\">Er\u00f6ffnung<\/td>\n<td style=\"spacing: 0; padding: 0\">Grundstrategien K\u00f6nigsgambit (Vorbereitung Thematurnier 22. Mai)<\/td>\n<\/tr>\n<tr>\n<td style=\"spacing: 0; padding: 0\">22.05.2026<\/td>\n<td style=\"spacing: 0; padding: 0\">Er\u00f6ffnung<\/td>\n<td style=\"spacing: 0; padding: 0\">Partiebeispiele K\u00f6nigsgambit<\/td>\n<\/tr>\n<tr>\n<td style=\"spacing: 0; padding: 0\">29.05.2026<\/td>\n<td style=\"spacing: 0; padding: 0\">Mittelspiel<\/td>\n<td style=\"spacing: 0; padding: 0\">Angriff gegen f2 bzw. f7<\/td>\n<\/tr>\n<\/tbody>\n<\/table>\n","protected":false},"excerpt":{"rendered":"<p>Trainingsinhalte Sch\u00fclertraining Die Schwerpunkte im Mai sind: Angriff ungedeckter Figuren Verschiedene Verteidigungsm\u00f6glichkeiten Spiel mit der Schachuhr R\u00e4tselwettbewerb Ranglistenturnier Fortgeschrittenen Datum Schwerpunkt Details 24.04.2026 Endspiele Ungleichfarbige&hellip;<\/p>\n","protected":false},"author":3,"featured_media":0,"parent":0,"menu_order":0,"comment_status":"closed","ping_status":"closed","template":"","meta":{"_monsterinsights_skip_tracking":false,"_monsterinsights_sitenote_active":false,"_monsterinsights_sitenote_note":"","_monsterinsights_sitenote_category":0,"footnotes":""},"class_list":["post-486","page","type-page","status-publish","hentry"],"aioseo_notices":[],"_links":{"self":[{"href":"https:\/\/schachklub-grosswallstadt.de\/index.php\/wp-json\/wp\/v2\/pages\/486","targetHints":{"allow":["GET"]}}],"collection":[{"href":"https:\/\/schachklub-grosswallstadt.de\/index.php\/wp-json\/wp\/v2\/pages"}],"about":[{"href":"https:\/\/schachklub-grosswallstadt.de\/index.php\/wp-json\/wp\/v2\/types\/page"}],"author":[{"embeddable":true,"href":"https:\/\/schachklub-grosswallstadt.de\/index.php\/wp-json\/wp\/v2\/users\/3"}],"replies":[{"embeddable":true,"href":"https:\/\/schachklub-grosswallstadt.de\/index.php\/wp-json\/wp\/v2\/comments?post=486"}],"version-history":[{"count":10,"href":"https:\/\/schachklub-grosswallstadt.de\/index.php\/wp-json\/wp\/v2\/pages\/486\/revisions"}],"predecessor-version":[{"id":660,"href":"https:\/\/schachklub-grosswallstadt.de\/index.php\/wp-json\/wp\/v2\/pages\/486\/revisions\/660"}],"wp:attachment":[{"href":"https:\/\/schachklub-grosswallstadt.de\/index.php\/wp-json\/wp\/v2\/media?parent=486"}],"curies":[{"name":"wp","href":"https:\/\/api.w.org\/{rel}","templated":true}]}}