{"id":108,"date":"2024-04-21T14:03:49","date_gmt":"2024-04-21T12:03:49","guid":{"rendered":"http:\/\/schachklub-grosswallstadt.de\/?page_id=108"},"modified":"2025-09-08T08:49:14","modified_gmt":"2025-09-08T06:49:14","slug":"impressum","status":"publish","type":"page","link":"https:\/\/schachklub-grosswallstadt.de\/index.php\/impressum\/","title":{"rendered":"Impressum"},"content":{"rendered":"<h1>Impressum<\/h1>\n<h2 id=\"m46\">Diensteanbieter<\/h2>\n<p>Schachklub 1925 Gro\u00dfwallstadt e. V.<\/p>\n<p>Am Krontal 3<\/p>\n<p>63868 Gro\u00dfwallstadt<\/p>\n<h2 id=\"m56\">Kontaktm\u00f6glichkeiten<\/h2>\n<p>E-Mail-Adresse: info@schachklub-grosswallstadt.de<\/p>\n<p>Kontaktformular: info@schachklub-grosswallstadt.de<\/p>\n<h2 id=\"m153\">Vertretungsberechtigte Personen<\/h2>\n<p>Vertretungsberechtigt: Dietmar Schandel (1. Vorstand)<\/p>\n<h2 id=\"m154\">Journalistisch-redaktionelle Angebote<\/h2>\n<p>Inhaltlich verantwortlich: Dietmar Schandel, Am Krontal 3, 63868 Gro\u00dfwallstadt<\/p>\n<h2 id=\"m3589\">Audiovisuelle Mediendienste<\/h2>\n<p>Sitzland: Deutschland.<\/p>\n<p>Zust\u00e4ndige Regulierungs-, bzw. Aufsichtsbeh\u00f6rde: Bayerische Landeszentrale f\u00fcr neue Medien (BLM), <a href=\"https:\/\/www.blm.de\/\" target=\"_blank\" rel=\"noopener\">https:\/\/www.blm.de\/<\/a><\/p>\n<h2 id=\"m151\">Register und Registernummer<\/h2>\n<p>Vereinsregister<\/p>\n<p>Gef\u00fchrt bei: Vereinsregister des Amtsgerichtes Aschaffenburg<\/p>\n<p>Nummer: VR 517<\/p>\n<h2 id=\"m5234\">Vorbehalt der Nutzung f\u00fcr Text und Data Mining<\/h2>\n<p>Vorbehalt der Nutzung f\u00fcr Text und Data Mining: Der Inhaber dieser Website gestattet die Nutzung oder das Herunterladen von Inhalten dieser Website durch Dritte f\u00fcr die Entwicklung, das Training oder den Betrieb von k\u00fcnstlicher Intelligenz oder anderen maschinellen Lernsystemen (&#8222;Text und Data Mining&#8220;) ausschlie\u00dflich mit ausdr\u00fccklicher schriftlicher Zustimmung des Inhabers. Ohne eine solche Zustimmung ist es untersagt, die Inhalte f\u00fcr Text und Data Mining zu verwenden. Dies gilt auch, wenn auf der Website keine Meta-Angaben vorhanden sind, die entsprechende Verfahren aussperren, und selbst dann, wenn Bots, die den Zweck haben, die Website zu Zwecken des Text und Data Mining auszulesen, nicht ausgesperrt werden.<\/p>\n<h2 id=\"m65\">Haftungs- und Schutzrechtshinweise<\/h2>\n<p>Haftungsausschluss: Die Inhalte dieses Onlineangebotes wurden sorgf\u00e4ltig und nach unserem aktuellen Kenntnisstand erstellt, dienen jedoch nur der Information und entfalten keine rechtlich bindende Wirkung, sofern es sich nicht um gesetzlich verpflichtende Informationen (z. B. das Impressum, die Datenschutzerkl\u00e4rung, AGB oder verpflichtende Belehrungen von Verbrauchern) handelt. Wir behalten uns vor, die Inhalte vollst\u00e4ndig oder teilweise zu \u00e4ndern oder zu l\u00f6schen, soweit vertragliche Verpflichtungen unber\u00fchrt bleiben. Alle Angebote sind freibleibend und unverbindlich.<\/p>\n<p>Links auf fremde Webseiten: Die Inhalte fremder Webseiten, auf die wir direkt oder indirekt verweisen, liegen au\u00dferhalb unseres Verantwortungsbereiches und wir machen sie uns nicht zu Eigen. F\u00fcr alle Inhalte und Nachteile, die aus der Nutzung der in den verlinkten Webseiten aufrufbaren Informationen entstehen, \u00fcbernehmen wir keine Verantwortung.<\/p>\n<p>Urheberrechte und Markenrechte: Alle auf dieser Website dargestellten Inhalte, wie Texte, Fotografien, Grafiken, Marken und Warenzeichen sind durch die jeweiligen Schutzrechte (Urheberrechte, Markenrechte) gesch\u00fctzt. Die Verwendung, Vervielf\u00e4ltigung usw. unterliegen unseren Rechten oder den Rechten der jeweiligen Urheber bzw. Rechteinhaber.<\/p>\n<p>Hinweise auf Rechtsverst\u00f6\u00dfe: Sollten Sie innerhalb unseres Internetauftritts Rechtsverst\u00f6\u00dfe bemerken, bitten wir Sie uns auf diese hinzuweisen. Wir werden rechtswidrige Inhalte und Links nach Kenntnisnahme unverz\u00fcglich entfernen.<\/p>\n<p class=\"seal\"><a title=\"Rechtstext von Dr. Schwenke - f\u00fcr weitere Informationen bitte anklicken.\" href=\"https:\/\/datenschutz-generator.de\/\" target=\"_blank\" rel=\"noopener noreferrer nofollow\">Erstellt mit kostenlosem Datenschutz-Generator.de von Dr. Thomas Schwenke<\/a><\/p>\n","protected":false},"excerpt":{"rendered":"<p>Impressum Diensteanbieter Schachklub 1925 Gro\u00dfwallstadt e. V. Am Krontal 3 63868 Gro\u00dfwallstadt Kontaktm\u00f6glichkeiten E-Mail-Adresse: info@schachklub-grosswallstadt.de Kontaktformular: info@schachklub-grosswallstadt.de Vertretungsberechtigte Personen Vertretungsberechtigt: Dietmar Schandel (1. Vorstand) Journalistisch-redaktionelle&hellip;<\/p>\n","protected":false},"author":1,"featured_media":0,"parent":0,"menu_order":0,"comment_status":"closed","ping_status":"closed","template":"","meta":{"_monsterinsights_skip_tracking":false,"_monsterinsights_sitenote_active":false,"_monsterinsights_sitenote_note":"","_monsterinsights_sitenote_category":0,"footnotes":""},"class_list":["post-108","page","type-page","status-publish","hentry"],"aioseo_notices":[],"_links":{"self":[{"href":"https:\/\/schachklub-grosswallstadt.de\/index.php\/wp-json\/wp\/v2\/pages\/108","targetHints":{"allow":["GET"]}}],"collection":[{"href":"https:\/\/schachklub-grosswallstadt.de\/index.php\/wp-json\/wp\/v2\/pages"}],"about":[{"href":"https:\/\/schachklub-grosswallstadt.de\/index.php\/wp-json\/wp\/v2\/types\/page"}],"author":[{"embeddable":true,"href":"https:\/\/schachklub-grosswallstadt.de\/index.php\/wp-json\/wp\/v2\/users\/1"}],"replies":[{"embeddable":true,"href":"https:\/\/schachklub-grosswallstadt.de\/index.php\/wp-json\/wp\/v2\/comments?post=108"}],"version-history":[{"count":8,"href":"https:\/\/schachklub-grosswallstadt.de\/index.php\/wp-json\/wp\/v2\/pages\/108\/revisions"}],"predecessor-version":[{"id":434,"href":"https:\/\/schachklub-grosswallstadt.de\/index.php\/wp-json\/wp\/v2\/pages\/108\/revisions\/434"}],"wp:attachment":[{"href":"https:\/\/schachklub-grosswallstadt.de\/index.php\/wp-json\/wp\/v2\/media?parent=108"}],"curies":[{"name":"wp","href":"https:\/\/api.w.org\/{rel}","templated":true}]}}